{"id":164,"date":"2019-12-05T14:10:54","date_gmt":"2019-12-05T14:10:54","guid":{"rendered":"https:\/\/sefluid.com\/?page_id=164"},"modified":"2026-02-06T12:09:20","modified_gmt":"2026-02-06T04:09:20","slug":"our-product","status":"publish","type":"page","link":"https:\/\/www.sefluid.com\/de\/our-product\/","title":{"rendered":"Produkt"},"content":{"rendered":"<div data-elementor-type=\"wp-page\" data-elementor-id=\"164\" class=\"elementor elementor-164\" data-elementor-post-type=\"page\">\n\t\t\t\t<div class=\"elementor-element elementor-element-ffd59cd e-flex e-con-boxed e-con e-parent\" data-id=\"ffd59cd\" data-element_type=\"container\" data-e-type=\"container\" data-settings=\"{&quot;background_background&quot;:&quot;classic&quot;,&quot;shape_divider_bottom&quot;:&quot;tilt&quot;}\">\n\t\t\t\t\t<div class=\"e-con-inner\">\n\t\t\t\t<div class=\"elementor-shape elementor-shape-bottom\" aria-hidden=\"true\" data-negative=\"false\">\n\t\t\t<svg xmlns=\"http:\/\/www.w3.org\/2000\/svg\" viewbox=\"0 0 1000 100\" preserveaspectratio=\"none\">\n\t<path class=\"elementor-shape-fill\" d=\"M0,6V0h1000v100L0,6z\"\/>\n<\/svg>\t\t<\/div>\n\t\t\t\t<div class=\"elementor-element elementor-element-3c76e50 elementor-align-center elementor-mobile-align-center elementor-widget elementor-widget-breadcrumbs\" data-id=\"3c76e50\" data-element_type=\"widget\" data-e-type=\"widget\" data-widget_type=\"breadcrumbs.default\">\n\t\t\t\t<div class=\"elementor-widget-container\">\n\t\t\t\t\t<nav aria-label=\"Semmelbr\u00f6sel\" class=\"rank-math-breadcrumb\"><p><span class=\"last\">Startseite<\/span><\/p><\/nav>\t\t\t\t<\/div>\n\t\t\t\t<\/div>\n\t\t\t\t<div class=\"elementor-element elementor-element-da3275b elementor-widget-divider--view-line elementor-widget elementor-widget-divider\" data-id=\"da3275b\" data-element_type=\"widget\" data-e-type=\"widget\" data-widget_type=\"divider.default\">\n\t\t\t\t<div class=\"elementor-widget-container\">\n\t\t\t\t\t\t\t<div class=\"elementor-divider\">\n\t\t\t<span class=\"elementor-divider-separator\">\n\t\t\t\t\t\t<\/span>\n\t\t<\/div>\n\t\t\t\t\t\t<\/div>\n\t\t\t\t<\/div>\n\t\t\t\t<div class=\"elementor-element elementor-element-3e73a53 elementor-widget__width-initial elementor-widget elementor-widget-text-editor\" data-id=\"3e73a53\" data-element_type=\"widget\" data-e-type=\"widget\" data-widget_type=\"text-editor.default\">\n\t\t\t\t<div class=\"elementor-widget-container\">\n\t\t\t\t\t\t\t\t\t<p>Seit \u00fcber 20 Jahren produzieren wir Standard- und ma\u00dfgeschneiderte Ausr\u00fcstungen f\u00fcr die Fl\u00fcssigkeitsverarbeitung und chemische Produktionsanlagen f\u00fcr mehr als 1.000 Anwender auf der ganzen Welt. Die Produkte von SeFluid werden in zahlreichen Branchen wie Lebensmittel, Chemie, Pharmazie, Landwirtschaft und Bergbau usw. eingesetzt. Unsere Kunden vertrauen uns hinsichtlich unserer erschwinglichen Kosten, unserer hohen Qualit\u00e4t und unseres guten Service.\u00a0<\/p>\t\t\t\t\t\t\t\t<\/div>\n\t\t\t\t<\/div>\n\t\t\t\t<div class=\"elementor-element elementor-element-105c043 elementor-widget-divider--view-line elementor-widget elementor-widget-divider\" data-id=\"105c043\" data-element_type=\"widget\" data-e-type=\"widget\" data-widget_type=\"divider.default\">\n\t\t\t\t<div class=\"elementor-widget-container\">\n\t\t\t\t\t\t\t<div class=\"elementor-divider\">\n\t\t\t<span class=\"elementor-divider-separator\">\n\t\t\t\t\t\t<\/span>\n\t\t<\/div>\n\t\t\t\t\t\t<\/div>\n\t\t\t\t<\/div>\n\t\t\t\t\t<\/div>\n\t\t\t\t<\/div>\n\t\t<div class=\"elementor-element elementor-element-e47279a e-flex e-con-boxed e-con e-parent\" data-id=\"e47279a\" data-element_type=\"container\" data-e-type=\"container\" data-settings=\"{&quot;background_background&quot;:&quot;classic&quot;}\">\n\t\t\t\t\t<div class=\"e-con-inner\">\n\t\t\t\t<div class=\"elementor-element elementor-element-978890f elementor-cta--skin-cover elementor-cta--valign-middle elementor-widget__width-initial elementor-widget-mobile__width-initial elementor-animated-content elementor-bg-transform elementor-bg-transform-zoom-in elementor-widget elementor-widget-call-to-action\" data-id=\"978890f\" data-element_type=\"widget\" data-e-type=\"widget\" data-widget_type=\"call-to-action.default\">\n\t\t\t\t<div class=\"elementor-widget-container\">\n\t\t\t\t\t\t\t<a class=\"elementor-cta\" href=\"https:\/\/www.sefluid.com\/de\/homogenisierung\/\" target=\"_blank\">\r\n\t\t\t\t\t<div class=\"elementor-cta__bg-wrapper\">\r\n\t\t\t\t<div class=\"elementor-cta__bg elementor-bg\" style=\"background-image: url(https:\/\/www.sefluid.com\/wp-content\/uploads\/elementor\/thumbs\/inline-high-shear-mixer-working-principle-pmwyn6x8cjyzvuntj32sri4bkvq23i9izo0tcfdgyc.jpg);\" role=\"img\" aria-label=\"Funktionsprinzip des Inline-High-Shear-Mischers \u2013 SeFluid\"><\/div>\r\n\t\t\t\t<div class=\"elementor-cta__bg-overlay\"><\/div>\r\n\t\t\t<\/div>\r\n\t\t\t\t\t\t\t<div class=\"elementor-cta__content\">\r\n\t\t\t\t\r\n\t\t\t\t\t\t\t\t\t<h2 class=\"elementor-cta__title elementor-cta__content-item elementor-content-item elementor-animated-item--grow\">\r\n\t\t\t\t\t\tHOMOGENISIEREN\t\t\t\t\t<\/h2>\r\n\t\t\t\t\r\n\t\t\t\t\r\n\t\t\t\t\t\t\t<\/div>\r\n\t\t\t\t\t\t<\/a>\r\n\t\t\t\t\t\t<\/div>\n\t\t\t\t<\/div>\n\t\t\t\t<div class=\"elementor-element elementor-element-fb5049f elementor-cta--skin-cover elementor-cta--valign-middle elementor-widget__width-initial elementor-widget-mobile__width-initial elementor-animated-content elementor-bg-transform elementor-bg-transform-zoom-in elementor-widget elementor-widget-call-to-action\" data-id=\"fb5049f\" data-element_type=\"widget\" data-e-type=\"widget\" data-widget_type=\"call-to-action.default\">\n\t\t\t\t<div class=\"elementor-widget-container\">\n\t\t\t\t\t\t\t<a class=\"elementor-cta\" href=\"https:\/\/www.sefluid.com\/de\/mischen\/\" target=\"_blank\" rel=\"noopener\">\r\n\t\t\t\t\t<div class=\"elementor-cta__bg-wrapper\">\r\n\t\t\t\t<div class=\"elementor-cta__bg elementor-bg\" style=\"background-image: url(https:\/\/www.sefluid.com\/wp-content\/uploads\/elementor\/thumbs\/image-of-tank-agitator-qhpdeex1tx420pe609zfwff2gfwhp9loaokgp1npjo.webp);\" role=\"img\" aria-label=\"Bild des Tankr\u00fchrwerks | SeFluid\"><\/div>\r\n\t\t\t\t<div class=\"elementor-cta__bg-overlay\"><\/div>\r\n\t\t\t<\/div>\r\n\t\t\t\t\t\t\t<div class=\"elementor-cta__content\">\r\n\t\t\t\t\r\n\t\t\t\t\t\t\t\t\t<h2 class=\"elementor-cta__title elementor-cta__content-item elementor-content-item elementor-animated-item--grow\">\r\n\t\t\t\t\t\tMISCHEN\t\t\t\t\t<\/h2>\r\n\t\t\t\t\r\n\t\t\t\t\r\n\t\t\t\t\t\t\t<\/div>\r\n\t\t\t\t\t\t<\/a>\r\n\t\t\t\t\t\t<\/div>\n\t\t\t\t<\/div>\n\t\t\t\t<div class=\"elementor-element elementor-element-b86db17 elementor-cta--skin-cover elementor-cta--valign-middle elementor-widget__width-initial elementor-widget-mobile__width-initial elementor-animated-content elementor-bg-transform elementor-bg-transform-zoom-in elementor-widget elementor-widget-call-to-action\" data-id=\"b86db17\" data-element_type=\"widget\" data-e-type=\"widget\" data-widget_type=\"call-to-action.default\">\n\t\t\t\t<div class=\"elementor-widget-container\">\n\t\t\t\t\t\t\t<a class=\"elementor-cta\" href=\"https:\/\/www.sefluid.com\/de\/pumpen\/\" target=\"_blank\" rel=\"noopener\">\r\n\t\t\t\t\t<div class=\"elementor-cta__bg-wrapper\">\r\n\t\t\t\t<div class=\"elementor-cta__bg elementor-bg\" style=\"background-image: url(https:\/\/www.sefluid.com\/wp-content\/uploads\/elementor\/thumbs\/sanitary-pump-working-principle-pldbg20lcnsc51x59x5psi8sky1uq867evryqp7ehg.jpg);\" role=\"img\" aria-label=\"Prinzip der Sanit\u00e4rkreiselpumpe | SeFluid\"><\/div>\r\n\t\t\t\t<div class=\"elementor-cta__bg-overlay\"><\/div>\r\n\t\t\t<\/div>\r\n\t\t\t\t\t\t\t<div class=\"elementor-cta__content\">\r\n\t\t\t\t\r\n\t\t\t\t\t\t\t\t\t<h2 class=\"elementor-cta__title elementor-cta__content-item elementor-content-item elementor-animated-item--grow\">\r\n\t\t\t\t\t\tPUMPE\t\t\t\t\t<\/h2>\r\n\t\t\t\t\r\n\t\t\t\t\r\n\t\t\t\t\t\t\t<\/div>\r\n\t\t\t\t\t\t<\/a>\r\n\t\t\t\t\t\t<\/div>\n\t\t\t\t<\/div>\n\t\t\t\t<div class=\"elementor-element elementor-element-9eddfe7 elementor-cta--skin-cover elementor-cta--valign-middle elementor-widget__width-initial elementor-widget-mobile__width-initial elementor-animated-content elementor-bg-transform elementor-bg-transform-zoom-in elementor-widget elementor-widget-call-to-action\" data-id=\"9eddfe7\" data-element_type=\"widget\" data-e-type=\"widget\" data-widget_type=\"call-to-action.default\">\n\t\t\t\t<div class=\"elementor-widget-container\">\n\t\t\t\t\t\t\t<a class=\"elementor-cta\" href=\"https:\/\/www.sefluid.com\/de\/frasen\/\" target=\"_blank\" rel=\"noopener\">\r\n\t\t\t\t\t<div class=\"elementor-cta__bg-wrapper\">\r\n\t\t\t\t<div class=\"elementor-cta__bg elementor-bg\" style=\"background-image: url(https:\/\/www.sefluid.com\/wp-content\/uploads\/elementor\/thumbs\/bead-background-plz392fj9mqybv4xqvnwc1ipgbzr97r2w4f5tvk7is.jpg);\" role=\"img\" aria-label=\"Perlenhintergrund\"><\/div>\r\n\t\t\t\t<div class=\"elementor-cta__bg-overlay\"><\/div>\r\n\t\t\t<\/div>\r\n\t\t\t\t\t\t\t<div class=\"elementor-cta__content\">\r\n\t\t\t\t\r\n\t\t\t\t\t\t\t\t\t<h2 class=\"elementor-cta__title elementor-cta__content-item elementor-content-item elementor-animated-item--grow\">\r\n\t\t\t\t\t\tFR\u00c4SEN\t\t\t\t\t<\/h2>\r\n\t\t\t\t\r\n\t\t\t\t\r\n\t\t\t\t\t\t\t<\/div>\r\n\t\t\t\t\t\t<\/a>\r\n\t\t\t\t\t\t<\/div>\n\t\t\t\t<\/div>\n\t\t\t\t<div class=\"elementor-element elementor-element-9bc3ad1 elementor-cta--skin-cover elementor-cta--valign-middle elementor-widget__width-initial elementor-widget-mobile__width-initial elementor-animated-content elementor-bg-transform elementor-bg-transform-zoom-in elementor-widget elementor-widget-call-to-action\" data-id=\"9bc3ad1\" data-element_type=\"widget\" data-e-type=\"widget\" data-widget_type=\"call-to-action.default\">\n\t\t\t\t<div class=\"elementor-widget-container\">\n\t\t\t\t\t\t\t<a class=\"elementor-cta\" href=\"https:\/\/www.sefluid.com\/de\/trennen\/\" target=\"_blank\" rel=\"noopener\">\r\n\t\t\t\t\t<div class=\"elementor-cta__bg-wrapper\">\r\n\t\t\t\t<div class=\"elementor-cta__bg elementor-bg\" style=\"background-image: url(https:\/\/www.sefluid.com\/wp-content\/uploads\/elementor\/thumbs\/Screw-Decanter-Centrifuge-mobile-page-head-pe787xaeco86oqs7obcdbeu9ijrd1vcu454yck5t04.jpg);\" role=\"img\" aria-label=\"Schnecken-Dekanter-Zentrifuge, mobiler Seitenkopf | SeFluid\"><\/div>\r\n\t\t\t\t<div class=\"elementor-cta__bg-overlay\"><\/div>\r\n\t\t\t<\/div>\r\n\t\t\t\t\t\t\t<div class=\"elementor-cta__content\">\r\n\t\t\t\t\r\n\t\t\t\t\t\t\t\t\t<h2 class=\"elementor-cta__title elementor-cta__content-item elementor-content-item elementor-animated-item--grow\">\r\n\t\t\t\t\t\tTRENNUNG\t\t\t\t\t<\/h2>\r\n\t\t\t\t\r\n\t\t\t\t\r\n\t\t\t\t\t\t\t<\/div>\r\n\t\t\t\t\t\t<\/a>\r\n\t\t\t\t\t\t<\/div>\n\t\t\t\t<\/div>\n\t\t\t\t<div class=\"elementor-element elementor-element-7d3acb9 elementor-cta--skin-cover elementor-cta--valign-middle elementor-widget__width-initial elementor-widget-mobile__width-initial elementor-animated-content elementor-bg-transform elementor-bg-transform-zoom-in elementor-widget elementor-widget-call-to-action\" data-id=\"7d3acb9\" data-element_type=\"widget\" data-e-type=\"widget\" data-widget_type=\"call-to-action.default\">\n\t\t\t\t<div class=\"elementor-widget-container\">\n\t\t\t\t\t\t\t<a class=\"elementor-cta\" href=\"https:\/\/www.sefluid.com\/de\/labor\/\" target=\"_blank\" rel=\"noopener\">\r\n\t\t\t\t\t<div class=\"elementor-cta__bg-wrapper\">\r\n\t\t\t\t<div class=\"elementor-cta__bg elementor-bg\" style=\"background-image: url(https:\/\/www.sefluid.com\/wp-content\/uploads\/elementor\/thumbs\/g808307aa592a2ae7a3ef1ad94806a5f09e5cd17108056eb8d9b357b93da2c230cfe0e70f2e19179140788b60361e1c04_1280-e1646190243629-pl96ult092sjouanb3awxx6tset76u849k8dmmw00k.jpg);\" role=\"img\" aria-label=\"Funktionsweise des Inline-High-Shear-Mischers | SeFluid\"><\/div>\r\n\t\t\t\t<div class=\"elementor-cta__bg-overlay\"><\/div>\r\n\t\t\t<\/div>\r\n\t\t\t\t\t\t\t<div class=\"elementor-cta__content\">\r\n\t\t\t\t\r\n\t\t\t\t\t\t\t\t\t<h2 class=\"elementor-cta__title elementor-cta__content-item elementor-content-item elementor-animated-item--grow\">\r\n\t\t\t\t\t\tLABOR\t\t\t\t\t<\/h2>\r\n\t\t\t\t\r\n\t\t\t\t\r\n\t\t\t\t\t\t\t<\/div>\r\n\t\t\t\t\t\t<\/a>\r\n\t\t\t\t\t\t<\/div>\n\t\t\t\t<\/div>\n\t\t\t\t<div class=\"elementor-element elementor-element-5c2fe15 elementor-cta--skin-cover elementor-cta--valign-middle elementor-widget__width-initial elementor-widget-mobile__width-initial elementor-animated-content elementor-bg-transform elementor-bg-transform-zoom-in elementor-widget elementor-widget-call-to-action\" data-id=\"5c2fe15\" data-element_type=\"widget\" data-e-type=\"widget\" data-widget_type=\"call-to-action.default\">\n\t\t\t\t<div class=\"elementor-widget-container\">\n\t\t\t\t\t\t\t<a class=\"elementor-cta\" href=\"https:\/\/www.sefluid.com\/de\/system\/\" target=\"_blank\" rel=\"noopener\">\r\n\t\t\t\t\t<div class=\"elementor-cta__bg-wrapper\">\r\n\t\t\t\t<div class=\"elementor-cta__bg elementor-bg\" style=\"background-image: url(https:\/\/www.sefluid.com\/wp-content\/uploads\/elementor\/thumbs\/Industrial-Mixing-Tank-with-Agitator-qg07aog14klv6ftlmekcovtmq9wtc1fek815nikxsk.jpg);\" role=\"img\" aria-label=\"Industrieller Mischtank mit R\u00fchrwerk_SeFluid\"><\/div>\r\n\t\t\t\t<div class=\"elementor-cta__bg-overlay\"><\/div>\r\n\t\t\t<\/div>\r\n\t\t\t\t\t\t\t<div class=\"elementor-cta__content\">\r\n\t\t\t\t\r\n\t\t\t\t\t\t\t\t\t<h2 class=\"elementor-cta__title elementor-cta__content-item elementor-content-item elementor-animated-item--grow\">\r\n\t\t\t\t\t\tSYSTEM\t\t\t\t\t<\/h2>\r\n\t\t\t\t\r\n\t\t\t\t\r\n\t\t\t\t\t\t\t<\/div>\r\n\t\t\t\t\t\t<\/a>\r\n\t\t\t\t\t\t<\/div>\n\t\t\t\t<\/div>\n\t\t\t\t<div class=\"elementor-element elementor-element-02489a0 elementor-cta--skin-cover elementor-cta--valign-middle elementor-widget__width-initial elementor-widget-mobile__width-initial elementor-animated-content elementor-bg-transform elementor-bg-transform-zoom-in elementor-widget elementor-widget-call-to-action\" data-id=\"02489a0\" data-element_type=\"widget\" data-e-type=\"widget\" data-widget_type=\"call-to-action.default\">\n\t\t\t\t<div class=\"elementor-widget-container\">\n\t\t\t\t\t\t\t<a class=\"elementor-cta\" href=\"https:\/\/www.sefluid.com\/de\/packing\/\" target=\"_blank\" rel=\"noopener\">\r\n\t\t\t\t\t<div class=\"elementor-cta__bg-wrapper\">\r\n\t\t\t\t<div class=\"elementor-cta__bg elementor-bg\" style=\"background-image: url(https:\/\/www.sefluid.com\/wp-content\/uploads\/elementor\/thumbs\/Empty-Metal-Paint-Can-rhqbph9d53i6lnfucebdeilsamy6ixtgj12vhf12j8.webp);\" role=\"img\" aria-label=\"Leere Metallfarbdose | SeFluid\"><\/div>\r\n\t\t\t\t<div class=\"elementor-cta__bg-overlay\"><\/div>\r\n\t\t\t<\/div>\r\n\t\t\t\t\t\t\t<div class=\"elementor-cta__content\">\r\n\t\t\t\t\r\n\t\t\t\t\t\t\t\t\t<h2 class=\"elementor-cta__title elementor-cta__content-item elementor-content-item elementor-animated-item--grow\">\r\n\t\t\t\t\t\tVERPACKUNG\t\t\t\t\t<\/h2>\r\n\t\t\t\t\r\n\t\t\t\t\r\n\t\t\t\t\t\t\t<\/div>\r\n\t\t\t\t\t\t<\/a>\r\n\t\t\t\t\t\t<\/div>\n\t\t\t\t<\/div>\n\t\t\t\t<div class=\"elementor-element elementor-element-17638dc elementor-cta--skin-cover elementor-cta--valign-middle elementor-widget__width-initial elementor-widget-mobile__width-initial elementor-animated-content elementor-bg-transform elementor-bg-transform-zoom-in elementor-widget elementor-widget-call-to-action\" data-id=\"17638dc\" data-element_type=\"widget\" data-e-type=\"widget\" data-widget_type=\"call-to-action.default\">\n\t\t\t\t<div class=\"elementor-widget-container\">\n\t\t\t\t\t\t\t<a class=\"elementor-cta\" href=\"https:\/\/www.sefluid.com\/de\/others\/\" target=\"_blank\" rel=\"noopener\">\r\n\t\t\t\t\t<div class=\"elementor-cta__bg-wrapper\">\r\n\t\t\t\t<div class=\"elementor-cta__bg elementor-bg\" style=\"background-image: url(https:\/\/www.sefluid.com\/wp-content\/uploads\/elementor\/thumbs\/Strict-Quality-Control-pmwu6m5stg5khzwp6ob7t0vi976p4ysawvwnwpgnx0.jpg);\" role=\"img\" aria-label=\"Strenge Qualit\u00e4tskontrolle \u2013 SeFluid\"><\/div>\r\n\t\t\t\t<div class=\"elementor-cta__bg-overlay\"><\/div>\r\n\t\t\t<\/div>\r\n\t\t\t\t\t\t\t<div class=\"elementor-cta__content\">\r\n\t\t\t\t\r\n\t\t\t\t\t\t\t\t\t<h2 class=\"elementor-cta__title elementor-cta__content-item elementor-content-item elementor-animated-item--grow\">\r\n\t\t\t\t\t\tANDERE\t\t\t\t\t<\/h2>\r\n\t\t\t\t\r\n\t\t\t\t\r\n\t\t\t\t\t\t\t<\/div>\r\n\t\t\t\t\t\t<\/a>\r\n\t\t\t\t\t\t<\/div>\n\t\t\t\t<\/div>\n\t\t\t\t\t<\/div>\n\t\t\t\t<\/div>\n\t\t\t\t<\/div>","protected":false},"excerpt":{"rendered":"<p>Home For over 20 years, we have produced standard and customized fluid processing equipment and chemical production equipment for 1000+ users from all over the world. SeFluid&#8217;s products have been applied in wide industries such as food, chemical, pharmacy, farming, and mining etc. We are trusted by our customers regarding our affordable cost, high quality [&hellip;]<\/p>\n","protected":false},"author":1,"featured_media":0,"parent":0,"menu_order":0,"comment_status":"closed","ping_status":"closed","template":"","meta":{"footnotes":""},"class_list":["post-164","page","type-page","status-publish","hentry"],"blocksy_meta":{"has_hero_section":"disabled","styles_descriptor":{"styles":{"desktop":"[data-prefix=\"single_page\"] {background-color:#e6e6e6;background-image:none;}","tablet":"","mobile":""},"google_fonts":[],"version":6},"background":{"desktop":{"background_type":"color","background_pattern":"type-1","background_image":{"attachment_id":null,"x":0,"y":0},"gradient":"linear-gradient(135deg,rgba(6,147,227,1) 0%,rgb(155,81,224) 100%)","background_repeat":"repeat","background_size":"auto","background_attachment":"scroll","patternColor":{"default":{"color":"#e5e7ea"}},"overlayColor":{"default":{"color":"CT_CSS_SKIP_RULE"}},"backgroundColor":{"default":{"color":"#e6e6e6"}}},"tablet":{"background_type":"color","background_pattern":"type-1","background_image":{"attachment_id":null,"x":0,"y":0},"gradient":"linear-gradient(135deg,rgba(6,147,227,1) 0%,rgb(155,81,224) 100%)","background_repeat":"repeat","background_size":"auto","background_attachment":"scroll","patternColor":{"default":{"color":"#e5e7ea"}},"overlayColor":{"default":{"color":"CT_CSS_SKIP_RULE"}},"backgroundColor":{"default":{"color":"#e6e6e6"}}},"mobile":{"background_type":"color","background_pattern":"type-1","background_image":{"attachment_id":null,"x":0,"y":0},"gradient":"linear-gradient(135deg,rgba(6,147,227,1) 0%,rgb(155,81,224) 100%)","background_repeat":"repeat","background_size":"auto","background_attachment":"scroll","patternColor":{"default":{"color":"#e5e7ea"}},"overlayColor":{"default":{"color":"CT_CSS_SKIP_RULE"}},"backgroundColor":{"default":{"color":"#e6e6e6"}}}}},"_links":{"self":[{"href":"https:\/\/www.sefluid.com\/de\/wp-json\/wp\/v2\/pages\/164","targetHints":{"allow":["GET"]}}],"collection":[{"href":"https:\/\/www.sefluid.com\/de\/wp-json\/wp\/v2\/pages"}],"about":[{"href":"https:\/\/www.sefluid.com\/de\/wp-json\/wp\/v2\/types\/page"}],"author":[{"embeddable":true,"href":"https:\/\/www.sefluid.com\/de\/wp-json\/wp\/v2\/users\/1"}],"replies":[{"embeddable":true,"href":"https:\/\/www.sefluid.com\/de\/wp-json\/wp\/v2\/comments?post=164"}],"version-history":[{"count":0,"href":"https:\/\/www.sefluid.com\/de\/wp-json\/wp\/v2\/pages\/164\/revisions"}],"wp:attachment":[{"href":"https:\/\/www.sefluid.com\/de\/wp-json\/wp\/v2\/media?parent=164"}],"curies":[{"name":"wp","href":"https:\/\/api.w.org\/{rel}","templated":true}]}}