{"id":205,"date":"2019-12-08T02:37:50","date_gmt":"2019-12-08T02:37:50","guid":{"rendered":"https:\/\/sefluid.com\/?page_id=205"},"modified":"2024-07-27T21:19:16","modified_gmt":"2024-07-27T13:19:16","slug":"mixer-pump-mill-filter-lab-device-manufacturer","status":"publish","type":"page","link":"https:\/\/www.sefluid.com\/fr\/mixer-pump-mill-filter-lab-device-manufacturer\/","title":{"rendered":"Soci\u00e9t\u00e9"},"content":{"rendered":"<div data-elementor-type=\"wp-page\" data-elementor-id=\"205\" class=\"elementor elementor-205\" data-elementor-post-type=\"page\">\n\t\t\t\t<div class=\"elementor-element elementor-element-604484a e-flex e-con-boxed e-con e-parent\" data-id=\"604484a\" data-element_type=\"container\" data-e-type=\"container\" data-settings=\"{&quot;background_background&quot;:&quot;classic&quot;}\">\n\t\t\t\t\t<div class=\"e-con-inner\">\n\t\t\t\t<div class=\"elementor-element elementor-element-2e6e9e4 elementor-widget elementor-widget-text-editor\" data-id=\"2e6e9e4\" data-element_type=\"widget\" data-e-type=\"widget\" data-widget_type=\"text-editor.default\">\n\t\t\t\t<div class=\"elementor-widget-container\">\n\t\t\t\t\t\t\t\t\t<p>SeFluid a 20 ans d&#039;exp\u00e9rience et est un fabricant professionnel sp\u00e9cialis\u00e9 dans les \u00e9quipements de manipulation, de traitement et de traitement des fluides. Nous disposons d&#039;installations tr\u00e8s professionnelles pour fabriquer des \u00e9quipements de traitement des fluides de haute qualit\u00e9. Nous insistons sur la fabrication d\u2019\u00e9quipements fluides au plus haut niveau. Tous les \u00e9quipements sont fabriqu\u00e9s \u00e0 partir des meilleures mati\u00e8res premi\u00e8res et une inspection en usine \u00e0 100 % est effectu\u00e9e pour garantir que nos produits atteignent les clients avec les meilleures performances. De plus, nous disposons d&#039;ing\u00e9nieurs en fluides tr\u00e8s professionnels qui peuvent concevoir et personnaliser des \u00e9quipements de traitement en fonction des caract\u00e9ristiques du fluide pour les clients.\u00a0<\/p><p>Au fil des ann\u00e9es, SeFluid a gagn\u00e9 la confiance de plus de 1 000 clients dans le monde. Nous continuons \u00e0 fournir \u00e0 nos clients les meilleurs \u00e9quipements et services et nous nous engageons \u00e0 devenir le leader mondial de la fabrication d&#039;\u00e9quipements pour fluides.<\/p>\t\t\t\t\t\t\t\t<\/div>\n\t\t\t\t<\/div>\n\t\t\t\t\t<\/div>\n\t\t\t\t<\/div>\n\t\t<div class=\"elementor-element elementor-element-0218467 e-flex e-con-boxed e-con e-parent\" data-id=\"0218467\" data-element_type=\"container\" data-e-type=\"container\" data-settings=\"{&quot;background_background&quot;:&quot;classic&quot;}\">\n\t\t\t\t\t<div class=\"e-con-inner\">\n\t\t\t\t<div class=\"elementor-element elementor-element-da8988d elementor-widget__width-initial elementor-widget-mobile__width-initial elementor-widget elementor-widget-image\" data-id=\"da8988d\" data-element_type=\"widget\" data-e-type=\"widget\" data-widget_type=\"image.default\">\n\t\t\t\t<div class=\"elementor-widget-container\">\n\t\t\t\t\t\t\t\t\t\t\t\t\t\t\t\t<a href=\"https:\/\/sefluid.com\/wp-content\/uploads\/2020\/05\/factory_SeFluid-7.jpg\" data-elementor-open-lightbox=\"yes\" data-elementor-lightbox-title=\"factory_SeFluid 7\" data-elementor-lightbox-description=\"factory_SeFluid 7\" data-e-action-hash=\"#elementor-action%3Aaction%3Dlightbox%26settings%3DeyJpZCI6MTAxOCwidXJsIjoiaHR0cHM6XC9cL3d3dy5zZWZsdWlkLmNvbVwvd3AtY29udGVudFwvdXBsb2Fkc1wvMjAyMFwvMDVcL2ZhY3RvcnlfU2VGbHVpZC03LmpwZyJ9\" target=\"_blank\" rel=\"noopener\">\n\t\t\t\t\t\t\t<img decoding=\"async\" src=\"https:\/\/www.sefluid.com\/wp-content\/uploads\/2020\/05\/factory_SeFluid-7-400x300.jpg\" title=\"factory_SeFluid 7\" alt=\"factory_SeFluid 7\" loading=\"lazy\" \/>\t\t\t\t\t\t\t\t<\/a>\n\t\t\t\t\t\t\t\t\t\t\t\t\t\t\t<\/div>\n\t\t\t\t<\/div>\n\t\t\t\t<div class=\"elementor-element elementor-element-26d091f elementor-widget__width-initial elementor-widget-mobile__width-initial elementor-widget elementor-widget-image\" data-id=\"26d091f\" data-element_type=\"widget\" data-e-type=\"widget\" data-widget_type=\"image.default\">\n\t\t\t\t<div class=\"elementor-widget-container\">\n\t\t\t\t\t\t\t\t\t\t\t\t\t\t\t\t<a href=\"https:\/\/sefluid.com\/wp-content\/uploads\/2020\/05\/factory_SeFluid-4.jpg\" data-elementor-open-lightbox=\"yes\" data-elementor-lightbox-title=\"factory_SeFluid 4\" data-e-action-hash=\"#elementor-action%3Aaction%3Dlightbox%26settings%3DeyJpZCI6MTAxNywidXJsIjoiaHR0cHM6XC9cL3d3dy5zZWZsdWlkLmNvbVwvd3AtY29udGVudFwvdXBsb2Fkc1wvMjAyMFwvMDVcL2ZhY3RvcnlfU2VGbHVpZC00LmpwZyJ9\" target=\"_blank\" rel=\"noopener\">\n\t\t\t\t\t\t\t<img fetchpriority=\"high\" decoding=\"async\" width=\"300\" height=\"225\" src=\"https:\/\/www.sefluid.com\/wp-content\/uploads\/2020\/05\/factory_SeFluid-4-300x225.jpg\" class=\"attachment-medium size-medium wp-image-1017\" alt=\"\" srcset=\"https:\/\/www.sefluid.com\/wp-content\/uploads\/2020\/05\/factory_SeFluid-4-300x225.jpg 300w, https:\/\/www.sefluid.com\/wp-content\/uploads\/2020\/05\/factory_SeFluid-4-200x150.jpg 200w, https:\/\/www.sefluid.com\/wp-content\/uploads\/2020\/05\/factory_SeFluid-4-400x300.jpg 400w, https:\/\/www.sefluid.com\/wp-content\/uploads\/2020\/05\/factory_SeFluid-4.jpg 500w\" sizes=\"(max-width: 300px) 100vw, 300px\" title=\"\">\t\t\t\t\t\t\t\t<\/a>\n\t\t\t\t\t\t\t\t\t\t\t\t\t\t\t<\/div>\n\t\t\t\t<\/div>\n\t\t\t\t<div class=\"elementor-element elementor-element-0960491 elementor-widget__width-initial elementor-widget-mobile__width-initial elementor-widget elementor-widget-image\" data-id=\"0960491\" data-element_type=\"widget\" data-e-type=\"widget\" data-widget_type=\"image.default\">\n\t\t\t\t<div class=\"elementor-widget-container\">\n\t\t\t\t\t\t\t\t\t\t\t\t\t\t\t\t<a href=\"https:\/\/sefluid.com\/wp-content\/uploads\/2020\/05\/factory_SeFluid-8.jpg\" data-elementor-open-lightbox=\"yes\" data-elementor-lightbox-title=\"factory_SeFluid 8\" data-e-action-hash=\"#elementor-action%3Aaction%3Dlightbox%26settings%3DeyJpZCI6MTAxNSwidXJsIjoiaHR0cHM6XC9cL3d3dy5zZWZsdWlkLmNvbVwvd3AtY29udGVudFwvdXBsb2Fkc1wvMjAyMFwvMDVcL2ZhY3RvcnlfU2VGbHVpZC04LmpwZyJ9\" target=\"_blank\" rel=\"noopener\">\n\t\t\t\t\t\t\t<img decoding=\"async\" width=\"300\" height=\"225\" src=\"https:\/\/www.sefluid.com\/wp-content\/uploads\/2020\/05\/factory_SeFluid-8-300x225.jpg\" class=\"attachment-medium size-medium wp-image-1015\" alt=\"\" srcset=\"https:\/\/www.sefluid.com\/wp-content\/uploads\/2020\/05\/factory_SeFluid-8-300x225.jpg 300w, https:\/\/www.sefluid.com\/wp-content\/uploads\/2020\/05\/factory_SeFluid-8-200x150.jpg 200w, https:\/\/www.sefluid.com\/wp-content\/uploads\/2020\/05\/factory_SeFluid-8-400x300.jpg 400w, https:\/\/www.sefluid.com\/wp-content\/uploads\/2020\/05\/factory_SeFluid-8.jpg 500w\" sizes=\"(max-width: 300px) 100vw, 300px\" title=\"\">\t\t\t\t\t\t\t\t<\/a>\n\t\t\t\t\t\t\t\t\t\t\t\t\t\t\t<\/div>\n\t\t\t\t<\/div>\n\t\t\t\t<div class=\"elementor-element elementor-element-20a7789 elementor-widget__width-initial elementor-widget-mobile__width-initial elementor-widget elementor-widget-image\" data-id=\"20a7789\" data-element_type=\"widget\" data-e-type=\"widget\" data-widget_type=\"image.default\">\n\t\t\t\t<div class=\"elementor-widget-container\">\n\t\t\t\t\t\t\t\t\t\t\t\t\t\t\t\t<a href=\"https:\/\/sefluid.com\/wp-content\/uploads\/2020\/05\/factory_SeFluid-1.jpg\" data-elementor-open-lightbox=\"yes\" data-elementor-lightbox-title=\"factory_SeFluid 1\" data-e-action-hash=\"#elementor-action%3Aaction%3Dlightbox%26settings%3DeyJpZCI6MTAxNiwidXJsIjoiaHR0cHM6XC9cL3d3dy5zZWZsdWlkLmNvbVwvd3AtY29udGVudFwvdXBsb2Fkc1wvMjAyMFwvMDVcL2ZhY3RvcnlfU2VGbHVpZC0xLmpwZyJ9\" target=\"_blank\" rel=\"noopener\">\n\t\t\t\t\t\t\t<img decoding=\"async\" width=\"300\" height=\"225\" src=\"https:\/\/www.sefluid.com\/wp-content\/uploads\/2020\/05\/factory_SeFluid-1-300x225.jpg\" class=\"attachment-medium size-medium wp-image-1016\" alt=\"\" srcset=\"https:\/\/www.sefluid.com\/wp-content\/uploads\/2020\/05\/factory_SeFluid-1-300x225.jpg 300w, https:\/\/www.sefluid.com\/wp-content\/uploads\/2020\/05\/factory_SeFluid-1-200x150.jpg 200w, https:\/\/www.sefluid.com\/wp-content\/uploads\/2020\/05\/factory_SeFluid-1-400x300.jpg 400w, https:\/\/www.sefluid.com\/wp-content\/uploads\/2020\/05\/factory_SeFluid-1.jpg 500w\" sizes=\"(max-width: 300px) 100vw, 300px\" title=\"\">\t\t\t\t\t\t\t\t<\/a>\n\t\t\t\t\t\t\t\t\t\t\t\t\t\t\t<\/div>\n\t\t\t\t<\/div>\n\t\t\t\t\t<\/div>\n\t\t\t\t<\/div>\n\t\t\t\t<\/div>","protected":false},"excerpt":{"rendered":"<p>SeFluid has 20 years of experience and is a professional manufacturer specializing in fluid handling, treating and processing equipment.\u00a0We have very professional facility to manufacture high quality fluid processing equipment. We insist on manufacturing fluid equipment at the highest level. All equipment is made using the best raw materials and 100% factory inspection is performed [&hellip;]<\/p>\n","protected":false},"author":1,"featured_media":1018,"parent":0,"menu_order":0,"comment_status":"closed","ping_status":"closed","template":"","meta":{"footnotes":""},"class_list":["post-205","page","type-page","status-publish","has-post-thumbnail","hentry"],"blocksy_meta":{"has_hero_section":"default","hero_section":"type-2","page_title_bg_type":"custom_image","custom_hero_background":{"attachment_id":1017,"url":"https:\/\/sefluid.com\/wp-content\/uploads\/2020\/05\/factory_SeFluid-4.jpg"},"styles_descriptor":{"styles":{"desktop":"","tablet":"","mobile":""},"google_fonts":[],"version":6},"hero_elements":[{"id":"custom_title","enabled":true,"heading_tag":"h1","title":"\u9996\u9875","__id":"8HCcXYMT3U0CJzIZPrISD"},{"id":"breadcrumbs","enabled":true,"__id":"MnR2_oqB-K5qQ5jpqOFTi"},{"id":"custom_description","enabled":false,"description_visibility":{"desktop":true,"tablet":true,"mobile":false},"__id":"uUByGagNpI8VJ4Kw0YD68"},{"id":"custom_meta","enabled":false,"meta_elements":[{"id":"author","enabled":true,"label":"\u6765\u81ea","has_author_avatar":"yes","avatar_size":25},{"id":"post_date","enabled":true,"label":"\u5728","date_format_source":"default","date_format":"M j, Y"},{"id":"updated_date","enabled":false,"label":"\u5728","date_format_source":"default","date_format":"M j, Y"},{"id":"categories","enabled":false,"label":"\u5728","style":"simple"},{"id":"comments","enabled":true}],"page_meta_elements":{"joined":true,"articles_count":true,"comments":true},"__id":"cPCRWK7YfUBFZBM9uF3OB"},{"id":"content-block","enabled":false,"__id":"MMhxmhW1qataZpXBjVkkm"}]},"_links":{"self":[{"href":"https:\/\/www.sefluid.com\/fr\/wp-json\/wp\/v2\/pages\/205","targetHints":{"allow":["GET"]}}],"collection":[{"href":"https:\/\/www.sefluid.com\/fr\/wp-json\/wp\/v2\/pages"}],"about":[{"href":"https:\/\/www.sefluid.com\/fr\/wp-json\/wp\/v2\/types\/page"}],"author":[{"embeddable":true,"href":"https:\/\/www.sefluid.com\/fr\/wp-json\/wp\/v2\/users\/1"}],"replies":[{"embeddable":true,"href":"https:\/\/www.sefluid.com\/fr\/wp-json\/wp\/v2\/comments?post=205"}],"version-history":[{"count":0,"href":"https:\/\/www.sefluid.com\/fr\/wp-json\/wp\/v2\/pages\/205\/revisions"}],"wp:featuredmedia":[{"embeddable":true,"href":"https:\/\/www.sefluid.com\/fr\/wp-json\/wp\/v2\/media\/1018"}],"wp:attachment":[{"href":"https:\/\/www.sefluid.com\/fr\/wp-json\/wp\/v2\/media?parent=205"}],"curies":[{"name":"wp","href":"https:\/\/api.w.org\/{rel}","templated":true}]}}